{"id":2521,"date":"2018-02-05T11:23:36","date_gmt":"2018-02-05T09:23:36","guid":{"rendered":"https:\/\/www.letera.lv\/?page_id=2521"},"modified":"2021-02-25T12:58:03","modified_gmt":"2021-02-25T10:58:03","slug":"privatuma-politika","status":"publish","type":"page","link":"https:\/\/www.letera.lv\/en\/privatuma-politika\/","title":{"rendered":"Priv\u0101tuma politika"},"content":{"rendered":"<h1>PRIV\u0100TUMA POLITIKA<\/h1>\n<p>Biedr\u012bba \u201cLatvijas Elektrotehnikas un elektronikas r\u016bpniec\u012bbas asoci\u0101cija\u201d, vien. re\u0123. Nr.40008010789, juridisk\u0101 adrese: Dzirnavu iela 93, R\u012bga, LV-1011 (turpm\u0101k \u2013 LETERA), ir t\u012bmek\u013ca viet\u0146u letera.lv un e-atkritumi.lv \u012bpa\u0161nieks un uztur\u0113t\u0101js. LETERA ap\u0146emas aizsarg\u0101t m\u016bsu r\u012bc\u012bb\u0101 non\u0101ku\u0161o fizisko personu datu priv\u0101tumu, k\u0101 ar\u012b apstr\u0101d\u0101t un uzkr\u0101t tikai t\u0101dus datus, kas ir tiesiski ieg\u016bti un ir nepiecie\u0161ami m\u016bsu darb\u012bbas nodro\u0161in\u0101\u0161anai, normat\u012bvo aktu pras\u012bbu un l\u012bgumsaist\u012bbu izpildei. Apmekl\u0113jot un izmantojot t\u012bmek\u013ca vietnes letera.lv un e-atkritumi.lv, t\u0101s apmekl\u0113t\u0101ji piekr\u012bt \u0161eit aprakst\u012btajiem Priv\u0101tuma politikas noteikumiem, taj\u0101 skait\u0101 s\u012bkdat\u0146u (\u201ecookies\u201d) izmanto\u0161anas veidiem.<\/p>\n<h2>PERSONAS DATU IEGUVE UN IZMANTO\u0160ANA<\/h2>\n<p>Par personas datiem ir uzskat\u0101ma inform\u0101cija, kuru persona sniedz LETERA, lai re\u0123istr\u0113tos par asoci\u0101cijas biedru, pieteiktos jaunumiem, sazin\u0101tos ar LETERA un pieteiktos pas\u0101kumiem. Vietn\u0113 letera.lv var tikt l\u016bgts nor\u0101d\u012bt J\u016bsu v\u0101rdu, uzv\u0101rdu, e-pasta adresi, t\u0101lru\u0146a numuru un interes\u0113jo\u0161o jaut\u0101jumu. Ieg\u016btos datus LETERA var izmantot, lai sazin\u0101tos ar Jums. Ja b\u016bsiet atz\u012bm\u0113jis piekri\u0161anu uz\u0146\u0113muma kontaktpersonas datu (v\u0101rds, uzv\u0101rds, t\u0101lru\u0146a numura, e-pasta adreses) public\u0113\u0161anai vietn\u0113 letera.lv, LETERA \u0161os datus b\u016bs ties\u012bga public\u0113t vietnes lap\u0101 Biedri. Piesakoties jaunumu sa\u0146em\u0161anai, LETERA uz J\u016bsu nor\u0101d\u012bto e-pasta adresi var nos\u016bt\u012bt inform\u0101ciju par \u012bstenotaj\u0101m aktivit\u0101t\u0113m un pl\u0101notajiem pas\u0101kumiem.<\/p>\n<h2>S\u012aKDATNES<\/h2>\n<p>Dati par t\u012bmek\u013ca viet\u0146u apmekl\u0113t\u0101jiem var tikt ieg\u016bti ar\u012b netie\u0161i, ieg\u016bstot inform\u0101ciju, izmantojot s\u012bkdatnes. S\u012bkdatnes ir datnes, kuras t\u012bmek\u013ca p\u0101rl\u016bkprogramma saglab\u0101 lietot\u0101ja dator\u0101 vai mobilaj\u0101 ier\u012bc\u0113. \u0160\u0101di t\u012bmek\u013ca vietnes var saglab\u0101t ar\u012b lietot\u0101ja individu\u0101los iestat\u012bjumus. S\u012bkdatnes var uzskat\u012bt par veidu, k\u0101 t\u012bmek\u013ca vietne ieg\u016bst inform\u0101ciju, kas tai \u013cauj atpaz\u012bt lietot\u0101ju un atbilsto\u0161i rea\u0123\u0113t. Ar s\u012bkdatn\u0113m saist\u012bt\u0101 inform\u0101cija netiek izmantota, lai identific\u0113tu viet\u0146u letera.lv un e-atkritumi.lv apmekl\u0113t\u0101jus. Jums ir iesp\u0113ja interneta p\u0101rl\u016bkprogrammai aizliegt izmantot s\u012bkdatnes, kas neliegs Jums iesp\u0113ju lietotni vietni, ta\u010du tas var ierobe\u017eot letera.lv un e-atkritumi.lv izmanto\u0161anas iesp\u0113jas. Papildus tam serveri re\u0123istr\u0113s J\u016bsu interneta protokola (IP) adresi, p\u0101rl\u016bkprogrammas veidu, valodu iestat\u012bjumu, oper\u0113t\u0101jsist\u0113mu, interneta pakalpojumu sniedz\u0113ju (IPS), laika z\u012bmogu un laiku, kas pavad\u012bts vietnes letera.lv un e-atkritumi.lv sada\u013c\u0101s. \u0160\u012b inform\u0101cija tiek v\u0101kta un izmantota tikai, lai nodro\u0161in\u0101tu \u0113rtu un dro\u0161u t\u012bmek\u013ca viet\u0146u darb\u012bbu, k\u0101 ar\u012b statistikas veido\u0161anas vajadz\u012bb\u0101m, sniedzot iesp\u0113ju analiz\u0113t vietnes apmekl\u0113t\u0101ju lieto\u0161anas pieredzi un uzzin\u0101tu vair\u0101k par letera.lv un e-atkritumi.lv apmekl\u0113t\u0101ju darb\u012bb\u0101m vietn\u0113.<\/p>\n<h2>DATU DRO\u0160\u012aBA<\/h2>\n<p>Visi personas dati, kas k\u013cuvu\u0161i zin\u0101mi LETERA par t\u012bmek\u013ca viet\u0146u letera.lv un e-atkritumi.lv lietot\u0101jiem, ir uzskat\u0101mi par konfidenci\u0101lu inform\u0101ciju. Personas dati tiek apstr\u0101d\u0101ti un izmantoti tikai \u0161aj\u0101 Priv\u0101tumu politik\u0101 nor\u0101d\u012btajam nol\u016bkam un nepiecie\u0161amaj\u0101 apm\u0113r\u0101. Apstr\u0101d\u0101jot un glab\u0101jot personas datus, LETERA nodro\u0161ina personas datu aizsardz\u012bbu no nejau\u0161as vai nelikum\u012bgas atkl\u0101\u0161anas, mai\u0146as, k\u0101 ar\u012b no jebk\u0101das citas nelikum\u012bgas apstr\u0101des. Piek\u013cuve datu apstr\u0101des un izmain\u012b\u0161anas funkcij\u0101m ir tikai LETERA noz\u012bm\u0113taj\u0101m atbild\u012bgaj\u0101m person\u0101m.<\/p>\n<p>LETERA nodro\u0161ina personas datu aizsardz\u012bbu un dro\u0161\u012bbu, to neizplat\u012b\u0161anu tre\u0161aj\u0101m pus\u0113m, iev\u0113rojot Fizisko personu datu aizsardz\u012bbas likum\u0101 un citos Latvijas Republikas normat\u012bvajos aktos noteikt\u0101s pras\u012bbas.<\/p>\n<h2>PIEK\u013bUVE PERSONAS DATIEM, TO AKTUALIZ\u0112\u0160ANA VAI DZ\u0112\u0160ANA<\/h2>\n<p>LETERA ap\u0146emas nodro\u0161in\u0101t personas datu pareiz\u012bbu, atbilsto\u0161i tai inform\u0101cijai, kas ir non\u0101kusi asoci\u0101cijas r\u012bc\u012bb\u0101, lietojot t\u012bmek\u013ca vietnes letera.lv un e-atkritumi.lv.<\/p>\n<p>Viet\u0146u apmekl\u0113t\u0101jiem ir ties\u012bbas piek\u013c\u016bt saviem personas datiem, nos\u016btot LETERA piepras\u012bjumu par inform\u0101cijas snieg\u0161anu, izmantojot e-pasta adresi: <a href=\"mailto:letera@letera.lv\">letera@letera.lv<\/a>. Apmekl\u0113t\u0101jiem ir ties\u012bbas piepras\u012bt \u0161\u0101du inform\u0101ciju: 1. personas datu apstr\u0101des m\u0113r\u0137is un tiesiskais pamats; 2. datums, kad tika izdar\u012btas p\u0113d\u0113j\u0101s izmai\u0146as datos; 3. personas datu ieguves avots; 4. inform\u0101ciju par to vai personas dati tiek apstr\u0101d\u0101ti automatiz\u0113t\u0101 veid\u0101; 5. citu inform\u0101ciju, ja to paredz normat\u012bvie akti.<\/p>\n<p>T\u012bmek\u013ca viet\u0146u letera.lv un e-atkritumi.lv apmekl\u0113t\u0101jiem ir ties\u012bbas piepras\u012bt, lai vi\u0146a personas dati tiktu papildin\u0101ti, laboti un datu apstr\u0101de tiktu izbeigta vai dati tiktu dz\u0113sti, ja tie ir novecoju\u0161i, nepiln\u012bgi, nepatiesi, pretlikum\u012bgi apstr\u0101d\u0101ti vai vairs neatbilst min\u0113tajam datu apstr\u0101des nol\u016bkam. Gad\u012bjum\u0101, ja J\u016bs v\u0113laties dz\u0113st savus personas datus vai tajos veikt izmai\u0146as, vai ar\u012b Jums radu\u0161ies jebk\u0101di jaut\u0101jumi par J\u016bsu personas datu izmanto\u0161anu, l\u016bdzam sazin\u0101ties ar LETERA pa e-pastu: <a href=\"mailto:letera@letera.lv\">letera@letera.lv<\/a>.<\/p>\n<h2>PRIV\u0100TUMA POLITIKAS IZMAI\u0145AS<\/h2>\n<p>M\u0113s pie\u0146emam, ka pirms t\u012bmek\u013ca viet\u0146u letera.lv un e-atkritumi.lv izmanto\u0161anas, J\u016bs esat izlas\u012bju\u0161i \u0161o Priv\u0101tuma politiku un esat akcept\u0113ju\u0161i to. Ja nepiekr\u012btat \u0161ai Priv\u0101tumu politikai, l\u016bdzam neiesniegt nek\u0101da veida inform\u0101ciju, izmantojot vietnes letera.lv un e-atkritumi.lv. LETERA patur ties\u012bbas bez br\u012bdin\u0101juma un jebkur\u0101 laik\u0101 vienpus\u0113ji main\u012bt un papildin\u0101t Priv\u0101tuma politiku. Aktu\u0101la ir t\u012bmek\u013ca vietn\u0113 letera.lv pieejam\u0101 Priv\u0101tuma politikas redakcija.<\/p>\n<p>Ar Priv\u0101tuma politiku vai datu apstr\u0101di saist\u012btajos jaut\u0101jumos, k\u0101 ar\u012b citos gad\u012bjumos l\u016bdzam sazin\u0101ties ar mums pa e-pastu: <a href=\"mailto:letera@letera.lv\">letera@letera.lv<\/a>.<\/p>\n","protected":false},"excerpt":{"rendered":"<p>PRIV\u0100TUMA POLITIKA Biedr\u012bba \u201cLatvijas Elektrotehnikas un elektronikas r\u016bpniec\u012bbas asoci\u0101cija\u201d, vien. re\u0123. Nr.40008010789, juridisk\u0101 adrese: Dzirnavu iela 93, R\u012bga, LV-1011 (turpm\u0101k \u2013 LETERA), ir t\u012bmek\u013ca viet\u0146u letera.lv un e-atkritumi.lv \u012bpa\u0161nieks un uztur\u0113t\u0101js. LETERA ap\u0146emas aizsarg\u0101t m\u016bsu r\u012bc\u012bb\u0101 non\u0101ku\u0161o fizisko personu datu priv\u0101tumu, k\u0101 ar\u012b apstr\u0101d\u0101t un uzkr\u0101t tikai t\u0101dus datus, kas ir tiesiski ieg\u016bti un ir [&hellip;]<\/p>\n","protected":false},"author":1,"featured_media":2371,"parent":0,"menu_order":0,"comment_status":"closed","ping_status":"closed","template":"","meta":[],"acf":[],"_links":{"self":[{"href":"https:\/\/www.letera.lv\/en\/wp-json\/wp\/v2\/pages\/2521"}],"collection":[{"href":"https:\/\/www.letera.lv\/en\/wp-json\/wp\/v2\/pages"}],"about":[{"href":"https:\/\/www.letera.lv\/en\/wp-json\/wp\/v2\/types\/page"}],"author":[{"embeddable":true,"href":"https:\/\/www.letera.lv\/en\/wp-json\/wp\/v2\/users\/1"}],"replies":[{"embeddable":true,"href":"https:\/\/www.letera.lv\/en\/wp-json\/wp\/v2\/comments?post=2521"}],"version-history":[{"count":8,"href":"https:\/\/www.letera.lv\/en\/wp-json\/wp\/v2\/pages\/2521\/revisions"}],"predecessor-version":[{"id":8230,"href":"https:\/\/www.letera.lv\/en\/wp-json\/wp\/v2\/pages\/2521\/revisions\/8230"}],"wp:featuredmedia":[{"embeddable":true,"href":"https:\/\/www.letera.lv\/en\/wp-json\/wp\/v2\/media\/2371"}],"wp:attachment":[{"href":"https:\/\/www.letera.lv\/en\/wp-json\/wp\/v2\/media?parent=2521"}],"curies":[{"name":"wp","href":"https:\/\/api.w.org\/{rel}","templated":true}]}}