{"id":24,"date":"2017-11-03T12:52:16","date_gmt":"2017-11-03T10:52:16","guid":{"rendered":"https:\/\/www.letera.lv\/?page_id=24"},"modified":"2021-12-20T11:30:34","modified_gmt":"2021-12-20T09:30:34","slug":"iestasanas-informacija","status":"publish","type":"page","link":"https:\/\/www.letera.lv\/en\/iestasanas-informacija\/","title":{"rendered":"K\u013c\u016bsti par biedru"},"content":{"rendered":"<h1>K\u013c\u016bsti par LETERA biedru<\/h1>\n<p><iframe loading=\"lazy\" title=\"K\u013c\u016bsti par LETERA biedru\" width=\"500\" height=\"281\" src=\"https:\/\/www.youtube.com\/embed\/vIb-RfO71Go?feature=oembed\" frameborder=\"0\" allow=\"accelerometer; autoplay; clipboard-write; encrypted-media; gyroscope; picture-in-picture\" allowfullscreen><\/iframe><\/p>\n<h1>Kas var b\u016bt LETERA biedri?<\/h1>\n<p>Par LETERA biedriem var b\u016bt uz\u0146\u0113mumi, p\u0113tniec\u012bbas un izgl\u012bt\u012bbas iest\u0101des, kuru darb\u012bba saist\u012bta ar elektronikas vai elektrotehnikas, inform\u0101cijas tehnolo\u0123ijas vai elektronisko sakaru, aizsardz\u012bbas apr\u012bkojuma, avi\u0101cijas vai kosmosa tehnolo\u0123iju nozari, k\u0101 ar\u012b citas juridiskas personas, kuras atbalsta LETERA m\u0113r\u0137us, t\u0101s darb\u012bbu un <a href=\"https:\/\/www.letera.lv\/statuti\/\">Stat\u016btus<\/a>.<\/p>\n<h1>Kas j\u0101dara, lai iest\u0101tos LETERA?<\/h1>\n<p>J\u0101izpilda <a href=\"https:\/\/www.letera.lv\/registreties-par-biedru\/\" target=\"_blank\" rel=\"noopener\">iest\u0101\u0161an\u0101s pieteikums<\/a>.<\/p>\n<h1>K\u0101da ir LETERA dal\u012bbas maksa?<\/h1>\n<p><a href=\"https:\/\/www.letera.lv\/letera-dalibas-maksas\/\" target=\"_blank\" rel=\"noopener\">LETERA dal\u012bbas maksa<\/a> tiek noteikta atkar\u012bb\u0101 no uz\u0146\u0113muma apgroz\u012bjuma un to apstiprina biedru kopsapulce.<\/p>\n<h1>K\u0101 notiek uz\u0146em\u0161ana par LETERA biedru?<\/h1>\n<p>Par jaunu biedru uz\u0146em\u0161anu lemj LETERA valde.<br \/>\n\u0160aubu gad\u012bjum\u0101 valde var nolemt, ka jaut\u0101jums par dal\u012bbu LETERA tiek izskat\u012bts biedru kopsapulc\u0113.<\/p>\n<h1>IEGUVUMI k\u013c\u016bstot par LETERA biedru<\/h1>\n<div class=\"izcelts\">\n<p>K\u013c\u016bstot par LETERA biedru, jums ir iesp\u0113ja:<\/p>\n<\/div>\n<ul>\n<li>Piedal\u012bties LETERA \u012bstenotajos ES fondu projektos, kuros var sa\u0146emt l\u012bdzfinans\u0113jumu:\n<ul>\n<li>uz\u0146\u0113muma darbinieku apm\u0101c\u012bb\u0101m;<\/li>\n<li>jaunu produktu un tehnolo\u0123iju izstr\u0101dei;<\/li>\n<li>da\u017e\u0101diem eksporta veicin\u0101\u0161anas pas\u0101kumiem.<\/li>\n<\/ul>\n<\/li>\n<li>Regul\u0101ri sa\u0146emt inform\u0101ciju par:\n<ul>\n<li>likumdo\u0161anas aktualit\u0101t\u0113m<\/li>\n<li>sadarb\u012bbas pied\u0101v\u0101jumiem no viet\u0113jiem un \u0101rvalstu uz\u0146\u0113mumiem.<\/li>\n<\/ul>\n<\/li>\n<li>Piedal\u012bties elektronikas, elektrotehnikas un ar to saist\u012bto nozaru likumdo\u0161anas pilnveido\u0161an\u0101 un noz\u012bm\u012bgu jaut\u0101jumu risin\u0101\u0161an\u0101 valsts instit\u016bcij\u0101s;<\/li>\n<li>Piedal\u012bties starptautiska un viet\u0113ja m\u0113roga izst\u0101d\u0113s un semin\u0101ros par uz\u0146\u0113mumiem aktu\u0101liem jaut\u0101jumiem, k\u0101 ar\u012b ar nozari saist\u012btos projektos.<\/li>\n<li>Sa\u0146emt atbalstu kontaktu veido\u0161anai un sadarb\u012bbai starp LETERA biedriem.<\/li>\n<li>Inform\u0113t citus nozar\u0113 str\u0101d\u0101jo\u0161os uz\u0146\u0113mumus par saviem produktiem, pakalpojumiem un sadarb\u012bbas pied\u0101v\u0101jumiem, ievietot inform\u0101ciju LETERA m\u0101jas lap\u0101.<\/li>\n<li>Celt savu atpaz\u012bstam\u012bbu un reput\u0101ciju k\u0101 viet\u0113j\u0101, t\u0101 ar\u012b eksporta tirgos.<\/li>\n<\/ul>\n<div class=\"izcelts\">\n<p>LETERA biedriem ir iesp\u0113ja piedal\u012bties pas\u0101kumos, kas atbalsta:<\/p>\n<\/div>\n<ul>\n<li>nozares populariz\u0113\u0161anu b\u0113rnu un jaunie\u0161u vid\u016b, taj\u0101 skait\u0101 elektronikas un robotikas tehnisk\u0101s jaunrades pulci\u0146u att\u012bst\u012bbu;<\/li>\n<li>izgl\u012bt\u012bbas satura aktualiz\u0113\u0161anu un kvalit\u0101tes cel\u0161anu vid\u0113j\u0101s profesion\u0101l\u0101s izgl\u012bt\u012bbas un augst\u0101k\u0101s izgl\u012bt\u012bbas studiju programm\u0101s.<\/li>\n<\/ul>\n","protected":false},"excerpt":{"rendered":"<p>K\u013c\u016bsti par LETERA biedru Kas var b\u016bt LETERA biedri? Par LETERA biedriem var b\u016bt uz\u0146\u0113mumi, p\u0113tniec\u012bbas un izgl\u012bt\u012bbas iest\u0101des, kuru darb\u012bba saist\u012bta ar elektronikas vai elektrotehnikas, inform\u0101cijas tehnolo\u0123ijas vai elektronisko sakaru, aizsardz\u012bbas apr\u012bkojuma, avi\u0101cijas vai kosmosa tehnolo\u0123iju nozari, k\u0101 ar\u012b citas juridiskas personas, kuras atbalsta LETERA m\u0113r\u0137us, t\u0101s darb\u012bbu un Stat\u016btus. Kas j\u0101dara, lai iest\u0101tos [&hellip;]<\/p>\n","protected":false},"author":1,"featured_media":2225,"parent":0,"menu_order":0,"comment_status":"closed","ping_status":"closed","template":"","meta":[],"acf":[],"_links":{"self":[{"href":"https:\/\/www.letera.lv\/en\/wp-json\/wp\/v2\/pages\/24"}],"collection":[{"href":"https:\/\/www.letera.lv\/en\/wp-json\/wp\/v2\/pages"}],"about":[{"href":"https:\/\/www.letera.lv\/en\/wp-json\/wp\/v2\/types\/page"}],"author":[{"embeddable":true,"href":"https:\/\/www.letera.lv\/en\/wp-json\/wp\/v2\/users\/1"}],"replies":[{"embeddable":true,"href":"https:\/\/www.letera.lv\/en\/wp-json\/wp\/v2\/comments?post=24"}],"version-history":[{"count":18,"href":"https:\/\/www.letera.lv\/en\/wp-json\/wp\/v2\/pages\/24\/revisions"}],"predecessor-version":[{"id":9737,"href":"https:\/\/www.letera.lv\/en\/wp-json\/wp\/v2\/pages\/24\/revisions\/9737"}],"wp:featuredmedia":[{"embeddable":true,"href":"https:\/\/www.letera.lv\/en\/wp-json\/wp\/v2\/media\/2225"}],"wp:attachment":[{"href":"https:\/\/www.letera.lv\/en\/wp-json\/wp\/v2\/media?parent=24"}],"curies":[{"name":"wp","href":"https:\/\/api.w.org\/{rel}","templated":true}]}}