{"id":2343,"date":"2018-01-24T17:35:48","date_gmt":"2018-01-24T15:35:48","guid":{"rendered":"https:\/\/www.letera.lv\/?page_id=2343"},"modified":"2021-12-20T11:26:48","modified_gmt":"2021-12-20T09:26:48","slug":"letera-dalibas-maksas","status":"publish","type":"page","link":"https:\/\/www.letera.lv\/en\/letera-dalibas-maksas\/","title":{"rendered":"LETERA dal\u012bbas maksa"},"content":{"rendered":"<h1>LETERA IEST\u0100\u0160AN\u0100S UN BIEDRA NAUDAS APM\u0112RS<\/h1>\n<table style=\"height: 841px;\" width=\"621\">\n<tbody>\n<tr>\n<td style=\"width: 611px; background-color: #ebebeb; text-align: center;\" colspan=\"3\"><strong>Apstiprin\u0101ts Biedru sapulc\u0113 27.03.2014.<br \/>\nsp\u0113k\u0101 no 2014.gada 01.apr\u012b\u013ca<\/strong><\/td>\n<\/tr>\n<tr>\n<td style=\"width: 208px; background-color: #ebebeb; text-align: center;\"><strong>Uz\u0146\u0113muma apgroz\u012bjums<\/strong><\/td>\n<td style=\"width: 185px; background-color: #ebebeb; text-align: center;\"><strong>Biedra naudas<\/strong><br \/>\n<strong>apm\u0113rs ceturksn\u012b<\/strong><\/td>\n<td style=\"width: 206px; background-color: #ebebeb; text-align: center;\"><strong>Iest\u0101\u0161an\u0101s maksa<\/strong><br \/>\n<strong>(vienreiz\u0113js<\/strong><br \/>\n<strong>maks\u0101jums)<\/strong><\/td>\n<\/tr>\n<tr>\n<td style=\"width: 208px; text-align: center;\"><strong>EUR<\/strong><\/td>\n<td style=\"width: 185px; text-align: center;\"><strong>EUR<\/strong><\/td>\n<td style=\"width: 206px; text-align: center;\"><strong>EUR<\/strong><\/td>\n<\/tr>\n<tr>\n<td style=\"width: 208px; background-color: #ebebeb; text-align: center;\">l\u012bdz 25`000<\/td>\n<td style=\"width: 185px; background-color: #ebebeb; text-align: center;\">15,-<\/td>\n<td style=\"width: 206px; background-color: #ebebeb; text-align: center;\">15,-<\/td>\n<\/tr>\n<tr>\n<td style=\"width: 208px; text-align: center;\">25`001 \u2013 50`000<\/td>\n<td style=\"width: 185px; text-align: center;\">25,-<\/td>\n<td style=\"width: 206px; text-align: center;\">25,-<\/td>\n<\/tr>\n<tr>\n<td style=\"width: 208px; background-color: #ebebeb; text-align: center;\">50`001 \u2013 100`000<\/td>\n<td style=\"width: 185px; background-color: #ebebeb; text-align: center;\">35,-<\/td>\n<td style=\"width: 206px; background-color: #ebebeb; text-align: center;\">35,-<\/td>\n<\/tr>\n<tr>\n<td style=\"width: 208px; text-align: center;\">100`001 \u2013 250`000<\/td>\n<td style=\"width: 185px; text-align: center;\">50,-<\/td>\n<td style=\"width: 206px; text-align: center;\">50,-<\/td>\n<\/tr>\n<tr>\n<td style=\"width: 208px; background-color: #ebebeb; text-align: center;\">250`001 \u2013 500`000<\/td>\n<td style=\"width: 185px; background-color: #ebebeb; text-align: center;\">70,-<\/td>\n<td style=\"width: 206px; background-color: #ebebeb; text-align: center;\">70,-<\/td>\n<\/tr>\n<tr>\n<td style=\"width: 208px; text-align: center;\">500`001 \u2013 1`000`000<\/td>\n<td style=\"width: 185px; text-align: center;\">100,-<\/td>\n<td style=\"width: 206px; text-align: center;\">100,-<\/td>\n<\/tr>\n<tr>\n<td style=\"width: 208px; background-color: #ebebeb; text-align: center;\">1`000`001 \u2013 1`500`000<\/td>\n<td style=\"width: 185px; background-color: #ebebeb; text-align: center;\">150,-<\/td>\n<td style=\"width: 206px; background-color: #ebebeb; text-align: center;\">150,-<\/td>\n<\/tr>\n<tr>\n<td style=\"width: 208px; text-align: center;\">1`500`001 \u2013 2`000`000<\/td>\n<td style=\"width: 185px; text-align: center;\">200,-<\/td>\n<td style=\"width: 206px; text-align: center;\">200,-<\/td>\n<\/tr>\n<tr>\n<td style=\"width: 208px; background-color: #ebebeb; text-align: center;\">2`000`001 \u2013 2`700`000<\/td>\n<td style=\"width: 185px; background-color: #ebebeb; text-align: center;\">270,-<\/td>\n<td style=\"width: 206px; background-color: #ebebeb; text-align: center;\">270,-<\/td>\n<\/tr>\n<tr>\n<td style=\"width: 208px; text-align: center;\">2`700`001 \u2013 3`500`000<\/td>\n<td style=\"width: 185px; text-align: center;\">320,-<\/td>\n<td style=\"width: 206px; text-align: center;\">320,-<\/td>\n<\/tr>\n<tr>\n<td style=\"width: 208px; background-color: #ebebeb; text-align: center;\">3`500`001 \u2013 5`000`000<\/td>\n<td style=\"width: 185px; background-color: #ebebeb; text-align: center;\">350,-<\/td>\n<td style=\"width: 206px; background-color: #ebebeb; text-align: center;\">350,-<\/td>\n<\/tr>\n<tr>\n<td style=\"width: 208px; text-align: center;\">5`000`001 \u2013 7`000`000<\/td>\n<td style=\"width: 185px; text-align: center;\">400,-<\/td>\n<td style=\"width: 206px; text-align: center;\">400,-<\/td>\n<\/tr>\n<tr>\n<td style=\"width: 208px; background-color: #ebebeb; text-align: center;\">7`000`001 \u2013 8`500`000<\/td>\n<td style=\"width: 185px; background-color: #ebebeb; text-align: center;\">430,-<\/td>\n<td style=\"width: 206px; background-color: #ebebeb; text-align: center;\">430,-<\/td>\n<\/tr>\n<tr>\n<td style=\"width: 208px; text-align: center;\">8`500`001 \u2013 10`000`000<\/td>\n<td style=\"width: 185px; text-align: center;\">460,-<\/td>\n<td style=\"width: 206px; text-align: center;\">460,-<\/td>\n<\/tr>\n<tr>\n<td style=\"width: 208px; background-color: #ebebeb; text-align: center;\">10`000`001 \u2013 15`000`000<\/td>\n<td style=\"width: 185px; background-color: #ebebeb; text-align: center;\">520,-<\/td>\n<td style=\"width: 206px; background-color: #ebebeb; text-align: center;\">520,-<\/td>\n<\/tr>\n<tr>\n<td style=\"width: 208px; text-align: center;\">virs 15`000`001<\/td>\n<td style=\"width: 185px; text-align: center;\">720,-<\/td>\n<td style=\"width: 206px; text-align: center;\">720,-<\/td>\n<\/tr>\n<tr>\n<td style=\"width: 208px; background-color: #ebebeb; text-align: center;\">Izgl\u012bt\u012bbas un zin\u0101tnes<br \/>\ninstit\u016bcijas<\/td>\n<td style=\"width: 185px; background-color: #ebebeb; text-align: center;\">15,-<\/td>\n<td style=\"width: 206px; background-color: #ebebeb; text-align: center;\">15,-<\/td>\n<\/tr>\n<\/tbody>\n<\/table>\n","protected":false},"excerpt":{"rendered":"<p>LETERA IEST\u0100\u0160AN\u0100S UN BIEDRA NAUDAS APM\u0112RS Apstiprin\u0101ts Biedru sapulc\u0113 27.03.2014. sp\u0113k\u0101 no 2014.gada 01.apr\u012b\u013ca Uz\u0146\u0113muma apgroz\u012bjums Biedra naudas apm\u0113rs ceturksn\u012b Iest\u0101\u0161an\u0101s maksa (vienreiz\u0113js maks\u0101jums) EUR EUR EUR l\u012bdz 25`000 15,- 15,- 25`001 \u2013 50`000 25,- 25,- 50`001 \u2013 100`000 35,- 35,- 100`001 \u2013 250`000 50,- 50,- 250`001 \u2013 500`000 70,- 70,- 500`001 \u2013 1`000`000 100,- [&hellip;]<\/p>\n","protected":false},"author":1,"featured_media":2211,"parent":0,"menu_order":0,"comment_status":"closed","ping_status":"closed","template":"default_no_submenu.php","meta":[],"acf":[],"_links":{"self":[{"href":"https:\/\/www.letera.lv\/en\/wp-json\/wp\/v2\/pages\/2343"}],"collection":[{"href":"https:\/\/www.letera.lv\/en\/wp-json\/wp\/v2\/pages"}],"about":[{"href":"https:\/\/www.letera.lv\/en\/wp-json\/wp\/v2\/types\/page"}],"author":[{"embeddable":true,"href":"https:\/\/www.letera.lv\/en\/wp-json\/wp\/v2\/users\/1"}],"replies":[{"embeddable":true,"href":"https:\/\/www.letera.lv\/en\/wp-json\/wp\/v2\/comments?post=2343"}],"version-history":[{"count":9,"href":"https:\/\/www.letera.lv\/en\/wp-json\/wp\/v2\/pages\/2343\/revisions"}],"predecessor-version":[{"id":9734,"href":"https:\/\/www.letera.lv\/en\/wp-json\/wp\/v2\/pages\/2343\/revisions\/9734"}],"wp:featuredmedia":[{"embeddable":true,"href":"https:\/\/www.letera.lv\/en\/wp-json\/wp\/v2\/media\/2211"}],"wp:attachment":[{"href":"https:\/\/www.letera.lv\/en\/wp-json\/wp\/v2\/media?parent=2343"}],"curies":[{"name":"wp","href":"https:\/\/api.w.org\/{rel}","templated":true}]}}